{"id":91,"date":"2021-12-16T07:19:26","date_gmt":"2021-12-16T07:19:26","guid":{"rendered":"https:\/\/www.noslaves.se\/?page_id=91"},"modified":"2026-04-01T12:32:14","modified_gmt":"2026-04-01T12:32:14","slug":"media","status":"publish","type":"page","link":"https:\/\/www.noslaves.se\/index.php\/media\/","title":{"rendered":"Media"},"content":{"rendered":"\n<h3 class=\"wp-block-heading\">Nyhetsbrev<\/h3>\n\n\n\n<div data-wp-interactive=\"core\/file\" class=\"wp-block-file\"><object data-wp-bind--hidden=\"!state.hasPdfPreview\" hidden class=\"wp-block-file__embed\" data=\"https:\/\/www.noslaves.se\/wp-content\/uploads\/2026\/04\/2026-01-No-Slaves-Nyhetsbrev-mars.pdf\" type=\"application\/pdf\" style=\"width:100%;height:600px\" aria-label=\"Embed of 2026-01  - No Slaves Nyhetsbrev mars.\"><\/object><a id=\"wp-block-file--media-f797af36-6a20-42db-a244-e4f515131a66\" href=\"https:\/\/www.noslaves.se\/wp-content\/uploads\/2026\/04\/2026-01-No-Slaves-Nyhetsbrev-mars.pdf\">2026-01  &#8211; No Slaves Nyhetsbrev mars<\/a><a href=\"https:\/\/www.noslaves.se\/wp-content\/uploads\/2026\/04\/2026-01-No-Slaves-Nyhetsbrev-mars.pdf\" class=\"wp-block-file__button wp-element-button\" download aria-describedby=\"wp-block-file--media-f797af36-6a20-42db-a244-e4f515131a66\">Download<\/a><\/div>\n\n\n\n<div data-wp-interactive=\"core\/file\" class=\"wp-block-file\"><object data-wp-bind--hidden=\"!state.hasPdfPreview\" hidden class=\"wp-block-file__embed\" data=\"https:\/\/www.noslaves.se\/wp-content\/uploads\/2026\/04\/2025-4-december-No-Slaves-Nyhetsbrev-1.pdf\" type=\"application\/pdf\" style=\"width:100%;height:600px\" aria-label=\"Embed of 2025-4 december - No Slaves Nyhetsbrev.\"><\/object><a id=\"wp-block-file--media-a98231f7-92b0-430b-b7e0-97737615383f\" href=\"https:\/\/www.noslaves.se\/wp-content\/uploads\/2026\/04\/2025-4-december-No-Slaves-Nyhetsbrev-1.pdf\">2025-4 december &#8211; No Slaves Nyhetsbrev<\/a><a href=\"https:\/\/www.noslaves.se\/wp-content\/uploads\/2026\/04\/2025-4-december-No-Slaves-Nyhetsbrev-1.pdf\" class=\"wp-block-file__button wp-element-button\" download aria-describedby=\"wp-block-file--media-a98231f7-92b0-430b-b7e0-97737615383f\">Download<\/a><\/div>\n\n\n\n<div data-wp-interactive=\"core\/file\" class=\"wp-block-file\"><object data-wp-bind--hidden=\"!state.hasPdfPreview\" hidden class=\"wp-block-file__embed\" data=\"https:\/\/www.noslaves.se\/wp-content\/uploads\/2026\/04\/2025-3-No-Slaves-Nyhetsbrev-oktober.pdf\" type=\"application\/pdf\" style=\"width:100%;height:600px\" aria-label=\"Embed of 2025-3 No Slaves Nyhetsbrev oktober.\"><\/object><a id=\"wp-block-file--media-fe2468ad-63df-46dc-a5e8-ba4c7d15e8c4\" href=\"https:\/\/www.noslaves.se\/wp-content\/uploads\/2026\/04\/2025-3-No-Slaves-Nyhetsbrev-oktober.pdf\">2025-3 No Slaves Nyhetsbrev oktober<\/a><a href=\"https:\/\/www.noslaves.se\/wp-content\/uploads\/2026\/04\/2025-3-No-Slaves-Nyhetsbrev-oktober.pdf\" class=\"wp-block-file__button wp-element-button\" download aria-describedby=\"wp-block-file--media-fe2468ad-63df-46dc-a5e8-ba4c7d15e8c4\">Download<\/a><\/div>\n\n\n\n\n\n<div data-wp-interactive=\"core\/file\" class=\"wp-block-file\"><object data-wp-bind--hidden=\"!state.hasPdfPreview\" hidden class=\"wp-block-file__embed\" data=\"https:\/\/www.noslaves.se\/wp-content\/uploads\/2021\/12\/Julbrev-No-slaves-2021-1-1.pdf\" type=\"application\/pdf\" style=\"width:100%;height:451px\" aria-label=\"Embed of Julbrev-No-slaves-2021-1-1.\"><\/object><a id=\"wp-block-file--media-da7a1c42-369c-49d4-b952-8d3b2cd4f33d\" href=\"https:\/\/www.noslaves.se\/wp-content\/uploads\/2021\/12\/Julbrev-No-slaves-2021-1-1.pdf\">Julbrev-No-slaves-2021-1-1<\/a><a href=\"https:\/\/www.noslaves.se\/wp-content\/uploads\/2021\/12\/Julbrev-No-slaves-2021-1-1.pdf\" class=\"wp-block-file__button wp-element-button\" download aria-describedby=\"wp-block-file--media-da7a1c42-369c-49d4-b952-8d3b2cd4f33d\">Download<\/a><\/div>\n\n\n\n<h3 class=\"wp-block-heading\">Artikel fr\u00e5n PMU<\/h3>\n\n\n\n<div data-wp-interactive=\"core\/file\" class=\"wp-block-file\"><object data-wp-bind--hidden=\"!state.hasPdfPreview\" hidden class=\"wp-block-file__embed\" data=\"https:\/\/www.noslaves.se\/wp-content\/uploads\/2022\/03\/Gar_samman_for_att_fa_ett_slut_pa_slaveriet.pdf\" type=\"application\/pdf\" style=\"width:100%;height:600px\" aria-label=\"Embed of Gar_samman_for_att_fa_ett_slut_pa_slaveriet.\"><\/object><a id=\"wp-block-file--media-76829362-842e-4b86-9429-e5336355f95f\" href=\"https:\/\/www.noslaves.se\/wp-content\/uploads\/2022\/03\/Gar_samman_for_att_fa_ett_slut_pa_slaveriet.pdf\">Gar_samman_for_att_fa_ett_slut_pa_slaveriet<\/a><a href=\"https:\/\/www.noslaves.se\/wp-content\/uploads\/2022\/03\/Gar_samman_for_att_fa_ett_slut_pa_slaveriet.pdf\" class=\"wp-block-file__button wp-element-button\" download aria-describedby=\"wp-block-file--media-76829362-842e-4b86-9429-e5336355f95f\">Download<\/a><\/div>\n\n\n\n<h3 class=\"wp-block-heading\">L\u00e4s vidare om modernt slaveri<\/h3>\n\n\n\n<p><a href=\"https:\/\/www.a21.org\/content\/sweden\/gr4xw8\" data-type=\"URL\" data-id=\"https:\/\/www.a21.org\/content\/sweden\/gr4xw8\" target=\"_blank\" rel=\"noreferrer noopener\">A21 &#8211; Sverige<\/a><\/p>\n\n\n\n<p><a href=\"https:\/\/urplay.se\/program\/217956-ur-samtiden-ekonomi-och-mynt-modernt-slaveri-i-sverige-och-varlden\" data-type=\"URL\" data-id=\"https:\/\/urplay.se\/program\/217956-ur-samtiden-ekonomi-och-mynt-modernt-slaveri-i-sverige-och-varlden\" target=\"_blank\" rel=\"noreferrer noopener\">Modernt slaveri i Sverige och v\u00e4rlden &#8211; UR Samtiden<\/a><\/p>\n\n\n\n<p><a rel=\"noreferrer noopener\" href=\"https:\/\/www.fralsningsarmen.se\/sveriges-moderna-slaveri\/\" data-type=\"URL\" data-id=\"https:\/\/www.fralsningsarmen.se\/sveriges-moderna-slaveri\/\" target=\"_blank\">Sveriges moderna slaveri &#8211; Fr\u00e4lsningsarm\u00e9n<\/a><\/p>\n","protected":false},"excerpt":{"rendered":"<p>Nyhetsbrev Artikel fr\u00e5n PMU L\u00e4s vidare om modernt slaveri A21 &#8211; Sverige Modernt slaveri i Sverige och v\u00e4rlden &#8211; UR<\/p>\n<p><a href=\"https:\/\/www.noslaves.se\/index.php\/media\/\" class=\"more-link\">Continue reading<span class=\"screen-reader-text\">Media<\/span><\/a><\/p>\n","protected":false},"author":1,"featured_media":0,"parent":0,"menu_order":0,"comment_status":"closed","ping_status":"closed","template":"","meta":{"footnotes":""},"class_list":["post-91","page","type-page","status-publish","hentry"],"_links":{"self":[{"href":"https:\/\/www.noslaves.se\/index.php\/wp-json\/wp\/v2\/pages\/91","targetHints":{"allow":["GET"]}}],"collection":[{"href":"https:\/\/www.noslaves.se\/index.php\/wp-json\/wp\/v2\/pages"}],"about":[{"href":"https:\/\/www.noslaves.se\/index.php\/wp-json\/wp\/v2\/types\/page"}],"author":[{"embeddable":true,"href":"https:\/\/www.noslaves.se\/index.php\/wp-json\/wp\/v2\/users\/1"}],"replies":[{"embeddable":true,"href":"https:\/\/www.noslaves.se\/index.php\/wp-json\/wp\/v2\/comments?post=91"}],"version-history":[{"count":13,"href":"https:\/\/www.noslaves.se\/index.php\/wp-json\/wp\/v2\/pages\/91\/revisions"}],"predecessor-version":[{"id":153,"href":"https:\/\/www.noslaves.se\/index.php\/wp-json\/wp\/v2\/pages\/91\/revisions\/153"}],"wp:attachment":[{"href":"https:\/\/www.noslaves.se\/index.php\/wp-json\/wp\/v2\/media?parent=91"}],"curies":[{"name":"wp","href":"https:\/\/api.w.org\/{rel}","templated":true}]}}