{"id":39,"date":"2021-09-07T07:52:42","date_gmt":"2021-09-07T07:52:42","guid":{"rendered":"http:\/\/www.noslaves.se\/?page_id=39"},"modified":"2026-03-31T18:03:04","modified_gmt":"2026-03-31T18:03:04","slug":"om-oss","status":"publish","type":"page","link":"https:\/\/www.noslaves.se\/index.php\/om-oss\/","title":{"rendered":"Samarbetspartners"},"content":{"rendered":"\n<p><\/p>\n\n\n\n<h3 class=\"wp-block-heading has-text-align-center\"><a href=\"https:\/\/www.facebook.com\/Pakistanhjalpen\/\" target=\"_blank\" rel=\"noreferrer noopener\">Pakistanhj\u00e4lpen<\/a><\/h3>\n\n\n<div class=\"wp-block-image\">\n<figure class=\"aligncenter size-full is-resized\"><img loading=\"lazy\" decoding=\"async\" width=\"720\" height=\"960\" src=\"http:\/\/www.noslaves.se\/wp-content\/uploads\/2021\/10\/Shakeel-1.jpg\" alt=\"\" class=\"wp-image-54\" style=\"aspect-ratio:0.7490855888807608;width:270px;height:auto\" srcset=\"https:\/\/www.noslaves.se\/wp-content\/uploads\/2021\/10\/Shakeel-1.jpg 720w, https:\/\/www.noslaves.se\/wp-content\/uploads\/2021\/10\/Shakeel-1-225x300.jpg 225w\" sizes=\"auto, (max-width: 720px) 100vw, 720px\" \/><\/figure>\n<\/div>\n\n\n<p>\u00c4r en organisation med s\u00e4te i Sverige som jobbar med hj\u00e4lp p\u00e5 olika s\u00e4tt i Pakistan. De st\u00f6djer f\u00f6rsamlingar, skolor och motverkar slaveri. Vi samarbetar med dem genom att vi \u00e4r med och finansierar att tegelbruks-slavar f\u00e5r m\u00f6jligheten att l\u00e4mna sina liv som livegna tr\u00e4lar och f\u00e5 en ny start i livet. P\u00e5 bilden ser vi Shakeel och hans farmor bredvid en av v\u00e5ra kontakter i Pakistan. Vi har betalat av deras skuld s\u00e5 att de nu kan starta nya liv i en ny stad d\u00e4r Shakeel f\u00e5r g\u00e5 i skolan.<\/p>\n\n\n\n<h3 class=\"wp-block-heading\"><a href=\"https:\/\/www.ourdaughtersinternational.org\/\" target=\"_blank\" rel=\"noreferrer noopener\">Our <\/a><a href=\"https:\/\/www.ourdaughtersinternational.org\/\" target=\"_blank\" rel=\"noreferrer noopener\">Daughters International<\/a>   <\/h3>\n\n\n<div class=\"wp-block-image\">\n<figure class=\"aligncenter size-full is-resized\"><img loading=\"lazy\" decoding=\"async\" width=\"706\" height=\"459\" src=\"https:\/\/www.noslaves.se\/wp-content\/uploads\/2026\/03\/kontroll-av-id-kopia.jpg\" alt=\"\" class=\"wp-image-138\" style=\"aspect-ratio:1.538144680851064;width:594px;height:auto\" srcset=\"https:\/\/www.noslaves.se\/wp-content\/uploads\/2026\/03\/kontroll-av-id-kopia.jpg 706w, https:\/\/www.noslaves.se\/wp-content\/uploads\/2026\/03\/kontroll-av-id-kopia-300x195.jpg 300w\" sizes=\"auto, (max-width: 706px) 100vw, 706px\" \/><\/figure>\n<\/div>\n\n\n<p>ODI jobbar mot slaveri i Indien och Nepal och har f\u00f6rhindrat och hj\u00e4lpt tusentals fr\u00e5n ett liv som offer f\u00f6r trafficking. Vi finansierar en av deras gr\u00e4nsstationer mellan l\u00e4nderna som varje \u00e5r ger f\u00f6rebyggande r\u00e5dgivning till dem som passerar, stoppar m\u00e4nniskosmuggling och befriar dem som \u00e4r p\u00e5 v\u00e4g in i slaveri. <\/p>\n\n\n\n<h3 class=\"wp-block-heading\">Church on the Word<\/h3>\n\n\n\n<p>Detta \u00e4r en f\u00f6rsamlingsr\u00f6relse i Indien och Nepal med ca 300 husf\u00f6rsamlingar. Tillsammans med dem har vi genomf\u00f6rt flera kvinnoprojekt. I de projekten har vi hj\u00e4lpt prostituerade och deras barn ut ur ett liv som sexslavar. Kvinnorna har utbildats i s\u00f6mnad och f\u00f6retagande och f\u00e5tt varsin symaskin. Barnen har f\u00e5tt st\u00f6d till skolg\u00e5ng. M\u00e5lbilden \u00e4r att hj\u00e4lpa dem loss och ge dem verktyg f\u00f6r ett nytt liv.<\/p>\n\n\n<div class=\"wp-block-image\">\n<figure class=\"aligncenter size-full is-resized\"><img loading=\"lazy\" decoding=\"async\" width=\"2209\" height=\"1243\" src=\"https:\/\/www.noslaves.se\/wp-content\/uploads\/2026\/03\/IMG_3840.jpg\" alt=\"\" class=\"wp-image-131\" style=\"aspect-ratio:1.3314640410958904;width:399px;height:auto\" srcset=\"https:\/\/www.noslaves.se\/wp-content\/uploads\/2026\/03\/IMG_3840.jpg 2209w, https:\/\/www.noslaves.se\/wp-content\/uploads\/2026\/03\/IMG_3840-300x169.jpg 300w, https:\/\/www.noslaves.se\/wp-content\/uploads\/2026\/03\/IMG_3840-1024x576.jpg 1024w, https:\/\/www.noslaves.se\/wp-content\/uploads\/2026\/03\/IMG_3840-768x432.jpg 768w, https:\/\/www.noslaves.se\/wp-content\/uploads\/2026\/03\/IMG_3840-1536x864.jpg 1536w, https:\/\/www.noslaves.se\/wp-content\/uploads\/2026\/03\/IMG_3840-2048x1152.jpg 2048w, https:\/\/www.noslaves.se\/wp-content\/uploads\/2026\/03\/IMG_3840-1920x1080.jpg 1920w\" sizes=\"auto, (max-width: 2209px) 100vw, 2209px\" \/><\/figure>\n<\/div>\n\n\n<h3 class=\"wp-block-heading\"><a href=\"https:\/\/www.nightlightinternational.com\/\">NightLight International<\/a><\/h3>\n\n\n\n<p>Detta \u00e4r en organisation p\u00e5 plats i Bangkoks red light district. De jobbar \u00e4ven f\u00f6rebyggande. De fokuserar p\u00e5 att hj\u00e4lpa kvinnor (m\u00e5nga av dem fr\u00e5n Afrika) som lurats in i prostitution genom f\u00f6rev\u00e4ndning att de ska f\u00e5 v\u00e4lbetalda jobb i Thailand. Ist\u00e4llet tar man deras pass och tvingar dem att s\u00e4lja sexuella tj\u00e4nster. Vi finansierat ett skyddat boende f\u00f6r dessa kvinnor och bidrar till att de kommer bort fr\u00e5n prostitution och hj\u00e4lper till s\u00e5 att de kan \u00e5terv\u00e4nda hem till Afrika. <\/p>\n\n\n\n<h3 class=\"wp-block-heading\"><strong><a href=\"https:\/\/ffith.org\/\">For Freedom International<\/a><\/strong>   <\/h3>\n\n\n\n<p>\u00c4ven h\u00e4r \u00e4r vi i Thailand, men denna g\u00e5ng i s\u00f6dra delen av landet. N\u00e4mligen i Phuket. FFI arbetar med att hj\u00e4lpa kvinnor ut ur sexuellt slaveri, ge dem utbildning och en ny framtid. De samarbetar \u00e4ven med FBI och den thail\u00e4ndska polisen f\u00f6r att barn skall kunna ber\u00e4tta sin ber\u00e4ttelser p\u00e5 ett tryggt s\u00e4tt.  H\u00e4r st\u00f6djer vi genom att bidra med finansiellt st\u00f6d till personal i arbetet. <\/p>\n\n\n\n<h3 class=\"wp-block-heading\"><a href=\"https:\/\/pmu.se\/\" data-type=\"URL\" data-id=\"https:\/\/pmu.se\/\" target=\"_blank\" rel=\"noreferrer noopener\">PMU<\/a><\/h3>\n\n\n\n<p>Detta \u00e4r pingstr\u00f6relsens gemensamma bist\u00e5ndsarbete som jobbar i m\u00e5nga l\u00e4nder med m\u00e5nga olika fr\u00e5gor. Bland annat jobbar de i Kongo med att motverka v\u00e5ldt\u00e4kter som krigf\u00f6ring, st\u00f6djer nobelpristagaren dr Mukwege samt motverkar barnslaveri i gruvorna som gr\u00e4ver efter mineraler till v\u00e5ra mobiltelefoner. Vi har jobbat tillsammans med PMU f\u00f6r att informera och upplysa kring fr\u00e5gorna om modernt slaveri. <\/p>\n\n\n\n<h3 class=\"wp-block-heading\"><a href=\"https:\/\/ibramedia.se\/\" data-type=\"link\" data-id=\"https:\/\/ibramedia.se\/\" target=\"_blank\" rel=\"noreferrer noopener\">IBRA<\/a><\/h3>\n\n\n\n<p>H\u00e4r g\u00e4ller det media. Ibra bedriver arbete i stora delar av v\u00e4rlden p\u00e5 m\u00e5nga olika s\u00e4tt. Vi har samarbetat med dem genom radios\u00e4ndningar med f\u00f6rebyggande program f\u00f6r att f\u00f6rebygga trafficking. De har s\u00e4nts via 15 radiostationer i Nepal. Lyssnare som tagit kontakt har h\u00e4nvisats till organisationer som arbetar mot trafficking, t.ex. ODI som n\u00e4mnts ovan.<\/p>\n\n\n\n<h3 class=\"wp-block-heading\"><strong>S<\/strong>venska f\u00f6rsamlingar och organisationer   <\/h3>\n\n\n\n<p>Till detta kommer ett 20-tal pingstf\u00f6rsamlingar som sagt att de vill vara partners med No Slaves och l\u00e4gga sina r\u00f6ster till v\u00e5ran f\u00f6r att s\u00e4ga nej till slaveri. \u00c4r du f\u00f6rsamlings-engagerad och vill att din f\u00f6rsamling skall vara med och bek\u00e4mpa modernt slaveri? Ta g\u00e4rna kontakt med oss s\u00e5 kan vi hj\u00e4lpa till.<\/p>\n","protected":false},"excerpt":{"rendered":"<p>Pakistanhj\u00e4lpen \u00c4r en organisation med s\u00e4te i Sverige som jobbar med hj\u00e4lp p\u00e5 olika s\u00e4tt i Pakistan. De st\u00f6djer f\u00f6rsamlingar,<\/p>\n<p><a href=\"https:\/\/www.noslaves.se\/index.php\/om-oss\/\" class=\"more-link\">Continue reading<span class=\"screen-reader-text\">Samarbetspartners<\/span><\/a><\/p>\n","protected":false},"author":1,"featured_media":0,"parent":0,"menu_order":0,"comment_status":"closed","ping_status":"closed","template":"","meta":{"footnotes":""},"class_list":["post-39","page","type-page","status-publish","hentry"],"_links":{"self":[{"href":"https:\/\/www.noslaves.se\/index.php\/wp-json\/wp\/v2\/pages\/39","targetHints":{"allow":["GET"]}}],"collection":[{"href":"https:\/\/www.noslaves.se\/index.php\/wp-json\/wp\/v2\/pages"}],"about":[{"href":"https:\/\/www.noslaves.se\/index.php\/wp-json\/wp\/v2\/types\/page"}],"author":[{"embeddable":true,"href":"https:\/\/www.noslaves.se\/index.php\/wp-json\/wp\/v2\/users\/1"}],"replies":[{"embeddable":true,"href":"https:\/\/www.noslaves.se\/index.php\/wp-json\/wp\/v2\/comments?post=39"}],"version-history":[{"count":14,"href":"https:\/\/www.noslaves.se\/index.php\/wp-json\/wp\/v2\/pages\/39\/revisions"}],"predecessor-version":[{"id":142,"href":"https:\/\/www.noslaves.se\/index.php\/wp-json\/wp\/v2\/pages\/39\/revisions\/142"}],"wp:attachment":[{"href":"https:\/\/www.noslaves.se\/index.php\/wp-json\/wp\/v2\/media?parent=39"}],"curies":[{"name":"wp","href":"https:\/\/api.w.org\/{rel}","templated":true}]}}